{"id":8,"date":"2021-05-17T20:02:45","date_gmt":"2021-05-17T17:02:45","guid":{"rendered":"https:\/\/riatec.md\/?page_id=8"},"modified":"2026-04-30T13:24:37","modified_gmt":"2026-04-30T10:24:37","slug":"glavnaya-stranicza","status":"publish","type":"page","link":"https:\/\/riatec.md\/ro\/","title":{"rendered":"\u0413\u043b\u0430\u0432\u043d\u0430\u044f \u0441\u0442\u0440\u0430\u043d\u0438\u0446\u0430"},"content":{"rendered":"<p class=\"qtranxs-available-languages-message qtranxs-available-languages-message-ro\">Din p\u0103cate acest articol este disponibil doar \u00een <a href=\"https:\/\/riatec.md\/en\/wp-json\/wp\/v2\/pages\/8\" class=\"qtranxs-available-language-link qtranxs-available-language-link-en\" title=\"English\">Englez\u0103 American\u0103<\/a>.<\/p><p>Hello i am the main page<\/p>","protected":false},"excerpt":{"rendered":"<p>Din p\u0103cate acest articol este disponibil doar \u00een Englez\u0103 American\u0103.Hello i am the main page<\/p>\n","protected":false},"author":1,"featured_media":0,"parent":0,"menu_order":0,"comment_status":"closed","ping_status":"closed","template":"","meta":[],"_links":{"self":[{"href":"https:\/\/riatec.md\/ro\/wp-json\/wp\/v2\/pages\/8"}],"collection":[{"href":"https:\/\/riatec.md\/ro\/wp-json\/wp\/v2\/pages"}],"about":[{"href":"https:\/\/riatec.md\/ro\/wp-json\/wp\/v2\/types\/page"}],"author":[{"embeddable":true,"href":"https:\/\/riatec.md\/ro\/wp-json\/wp\/v2\/users\/1"}],"replies":[{"embeddable":true,"href":"https:\/\/riatec.md\/ro\/wp-json\/wp\/v2\/comments?post=8"}],"version-history":[{"count":6,"href":"https:\/\/riatec.md\/ro\/wp-json\/wp\/v2\/pages\/8\/revisions"}],"predecessor-version":[{"id":5202,"href":"https:\/\/riatec.md\/ro\/wp-json\/wp\/v2\/pages\/8\/revisions\/5202"}],"wp:attachment":[{"href":"https:\/\/riatec.md\/ro\/wp-json\/wp\/v2\/media?parent=8"}],"curies":[{"name":"wp","href":"https:\/\/api.w.org\/{rel}","templated":true}]}}